{"id":26,"date":"2023-10-04T21:27:50","date_gmt":"2023-10-05T01:27:50","guid":{"rendered":"https:\/\/raiyanmerchant.com\/?page_id=26"},"modified":"2023-10-05T17:41:41","modified_gmt":"2023-10-05T21:41:41","slug":"introduction","status":"publish","type":"page","link":"https:\/\/raiyanmerchant.com\/","title":{"rendered":"Environ Moi"},"content":{"rendered":"\n<p>Bonjour, je m&#8217;appelle Raiyan Merchant et je suis entra\u00eeneur de basket-ball. Je peux m&#8217;entra\u00eener parce que j&#8217;ai beaucoup d&#8217;exp\u00e9rience dans le sport. J&#8217;ai pass\u00e9 beaucoup de temps \u00e0 faire de l&#8217;exercice et \u00e0 perfectionner mon don.<\/p>\n\n\n\n<p>J&#8217;ai enseign\u00e9 \u00e0 San Francisco pendant 6 ans et au Japon pendant 3 ans. Vous devez m&#8217;embaucher en raison de tout ce que j&#8217;ai fait pour la communaut\u00e9 du basket-ball, comme avoir des liens avec des ligues et des joueurs, analyser les matchs les plus c\u00e9l\u00e8bres de la NBA pour pouvoir les enseigner. J&#8217;ai fait beaucoup de choses pour aider les gens \u00e0 apprendre le basket de la meilleure fa\u00e7on possible. De grandir en jouant sur mon terrain local \u00e0 regarder les matchs de la NBA en personne. J&#8217;ai tant fait pour la communaut\u00e9 du basket-ball et je suis pr\u00eat \u00e0 faire plus pour vous aider \u00e0 vous am\u00e9liorer !<\/p>\n","protected":false},"excerpt":{"rendered":"<p>Bonjour, je m&#8217;appelle Raiyan Merchant et je suis entra\u00eeneur de basket-ball. Je peux m&#8217;entra\u00eener parce que j&#8217;ai beaucoup d&#8217;exp\u00e9rience dans le sport. J&#8217;ai pass\u00e9 beaucoup de temps \u00e0 faire de l&#8217;exercice et \u00e0 perfectionner mon don. J&#8217;ai enseign\u00e9 \u00e0 San Francisco pendant 6 ans et au Japon pendant 3 ans. Vous devez m&#8217;embaucher en raison&hellip; <a class=\"more-link\" href=\"https:\/\/raiyanmerchant.com\/\">Continue reading <span class=\"screen-reader-text\">Environ Moi<\/span><\/a><\/p>\n","protected":false},"author":1,"featured_media":0,"parent":0,"menu_order":0,"comment_status":"closed","ping_status":"closed","template":"","meta":{"_monsterinsights_skip_tracking":false,"_monsterinsights_sitenote_active":false,"_monsterinsights_sitenote_note":"","_monsterinsights_sitenote_category":0,"footnotes":""},"aioseo_notices":[],"_links":{"self":[{"href":"https:\/\/raiyanmerchant.com\/index.php\/wp-json\/wp\/v2\/pages\/26"}],"collection":[{"href":"https:\/\/raiyanmerchant.com\/index.php\/wp-json\/wp\/v2\/pages"}],"about":[{"href":"https:\/\/raiyanmerchant.com\/index.php\/wp-json\/wp\/v2\/types\/page"}],"author":[{"embeddable":true,"href":"https:\/\/raiyanmerchant.com\/index.php\/wp-json\/wp\/v2\/users\/1"}],"replies":[{"embeddable":true,"href":"https:\/\/raiyanmerchant.com\/index.php\/wp-json\/wp\/v2\/comments?post=26"}],"version-history":[{"count":3,"href":"https:\/\/raiyanmerchant.com\/index.php\/wp-json\/wp\/v2\/pages\/26\/revisions"}],"predecessor-version":[{"id":45,"href":"https:\/\/raiyanmerchant.com\/index.php\/wp-json\/wp\/v2\/pages\/26\/revisions\/45"}],"wp:attachment":[{"href":"https:\/\/raiyanmerchant.com\/index.php\/wp-json\/wp\/v2\/media?parent=26"}],"curies":[{"name":"wp","href":"https:\/\/api.w.org\/{rel}","templated":true}]}}