{"id":28,"date":"2023-10-04T21:35:14","date_gmt":"2023-10-05T01:35:14","guid":{"rendered":"https:\/\/raiyanmerchant.com\/?page_id=28"},"modified":"2023-10-05T17:42:09","modified_gmt":"2023-10-05T21:42:09","slug":"jouerenseignement-et-entrainement","status":"publish","type":"page","link":"https:\/\/raiyanmerchant.com\/index.php\/jouerenseignement-et-entrainement\/","title":{"rendered":"Jouer,enseignement et entra\u00eenement"},"content":{"rendered":"\n<p>Je suis pr\u00eat \u00e0 demander moins que n&#8217;importe qui d&#8217;autre dans le secteur de la formation et \u00e0 pouvoir garantir des horaires flexibles et une formation fiable. Je peux vous aider, vous ou votre enfant, \u00e0 trouver des ligues ou des \u00e9v\u00e9nements pour vous aider \u00e0 progresser dans le sport du basket-ball. Je peux \u00e9galement donner des conseils sur les chaussures \u00e0 porter, sur le ballon, sur le moment de jouer et sur le terrain \u00e0 utiliser.<\/p>\n","protected":false},"excerpt":{"rendered":"<p>Je suis pr\u00eat \u00e0 demander moins que n&#8217;importe qui d&#8217;autre dans le secteur de la formation et \u00e0 pouvoir garantir des horaires flexibles et une formation fiable. Je peux vous aider, vous ou votre enfant, \u00e0 trouver des ligues ou des \u00e9v\u00e9nements pour vous aider \u00e0 progresser dans le sport du basket-ball. Je peux \u00e9galement&hellip; <a class=\"more-link\" href=\"https:\/\/raiyanmerchant.com\/index.php\/jouerenseignement-et-entrainement\/\">Continue reading <span class=\"screen-reader-text\">Jouer,enseignement et entra\u00eenement<\/span><\/a><\/p>\n","protected":false},"author":1,"featured_media":0,"parent":0,"menu_order":0,"comment_status":"closed","ping_status":"closed","template":"","meta":{"_monsterinsights_skip_tracking":false,"_monsterinsights_sitenote_active":false,"_monsterinsights_sitenote_note":"","_monsterinsights_sitenote_category":0,"footnotes":""},"aioseo_notices":[],"_links":{"self":[{"href":"https:\/\/raiyanmerchant.com\/index.php\/wp-json\/wp\/v2\/pages\/28"}],"collection":[{"href":"https:\/\/raiyanmerchant.com\/index.php\/wp-json\/wp\/v2\/pages"}],"about":[{"href":"https:\/\/raiyanmerchant.com\/index.php\/wp-json\/wp\/v2\/types\/page"}],"author":[{"embeddable":true,"href":"https:\/\/raiyanmerchant.com\/index.php\/wp-json\/wp\/v2\/users\/1"}],"replies":[{"embeddable":true,"href":"https:\/\/raiyanmerchant.com\/index.php\/wp-json\/wp\/v2\/comments?post=28"}],"version-history":[{"count":2,"href":"https:\/\/raiyanmerchant.com\/index.php\/wp-json\/wp\/v2\/pages\/28\/revisions"}],"predecessor-version":[{"id":43,"href":"https:\/\/raiyanmerchant.com\/index.php\/wp-json\/wp\/v2\/pages\/28\/revisions\/43"}],"wp:attachment":[{"href":"https:\/\/raiyanmerchant.com\/index.php\/wp-json\/wp\/v2\/media?parent=28"}],"curies":[{"name":"wp","href":"https:\/\/api.w.org\/{rel}","templated":true}]}}