{"id":35,"date":"2023-10-04T21:39:16","date_gmt":"2023-10-05T01:39:16","guid":{"rendered":"https:\/\/raiyanmerchant.com\/?page_id=35"},"modified":"2023-10-05T17:42:30","modified_gmt":"2023-10-05T21:42:30","slug":"mon-prix","status":"publish","type":"page","link":"https:\/\/raiyanmerchant.com\/index.php\/mon-prix\/","title":{"rendered":"Mon prix"},"content":{"rendered":"\n<p>Je vais partir deprende allume \u00e2ge et le cour longuer. 10-18 ans 1 heure de cours allez \u00eatre 100$ pour 5 cours. 19-99 allez \u00eatre 250$ pour 5 cours.Je propose \u00e9galement des plans de paiement et des prix r\u00e9duits si vous ou votre famille ne pouvez pas vous permettre de prendre des cours. Je prends une carte bancaire ou Paypal comme moyen de paiement<\/p>\n","protected":false},"excerpt":{"rendered":"<p>Je vais partir deprende allume \u00e2ge et le cour longuer. 10-18 ans 1 heure de cours allez \u00eatre 100$ pour 5 cours. 19-99 allez \u00eatre 250$ pour 5 cours.Je propose \u00e9galement des plans de paiement et des prix r\u00e9duits si vous ou votre famille ne pouvez pas vous permettre de prendre des cours. Je prends&hellip; <a class=\"more-link\" href=\"https:\/\/raiyanmerchant.com\/index.php\/mon-prix\/\">Continue reading <span class=\"screen-reader-text\">Mon prix<\/span><\/a><\/p>\n","protected":false},"author":1,"featured_media":0,"parent":0,"menu_order":0,"comment_status":"closed","ping_status":"closed","template":"","meta":{"_monsterinsights_skip_tracking":false,"_monsterinsights_sitenote_active":false,"_monsterinsights_sitenote_note":"","_monsterinsights_sitenote_category":0,"footnotes":""},"aioseo_notices":[],"_links":{"self":[{"href":"https:\/\/raiyanmerchant.com\/index.php\/wp-json\/wp\/v2\/pages\/35"}],"collection":[{"href":"https:\/\/raiyanmerchant.com\/index.php\/wp-json\/wp\/v2\/pages"}],"about":[{"href":"https:\/\/raiyanmerchant.com\/index.php\/wp-json\/wp\/v2\/types\/page"}],"author":[{"embeddable":true,"href":"https:\/\/raiyanmerchant.com\/index.php\/wp-json\/wp\/v2\/users\/1"}],"replies":[{"embeddable":true,"href":"https:\/\/raiyanmerchant.com\/index.php\/wp-json\/wp\/v2\/comments?post=35"}],"version-history":[{"count":2,"href":"https:\/\/raiyanmerchant.com\/index.php\/wp-json\/wp\/v2\/pages\/35\/revisions"}],"predecessor-version":[{"id":46,"href":"https:\/\/raiyanmerchant.com\/index.php\/wp-json\/wp\/v2\/pages\/35\/revisions\/46"}],"wp:attachment":[{"href":"https:\/\/raiyanmerchant.com\/index.php\/wp-json\/wp\/v2\/media?parent=35"}],"curies":[{"name":"wp","href":"https:\/\/api.w.org\/{rel}","templated":true}]}}