{"id":47,"date":"2023-10-05T17:43:19","date_gmt":"2023-10-05T21:43:19","guid":{"rendered":"https:\/\/raiyanmerchant.com\/?page_id=47"},"modified":"2023-10-05T17:49:02","modified_gmt":"2023-10-05T21:49:02","slug":"ce-qui-me-differencie-des-autres-personnes-travaillant-dans-le-secteur-de-la-formation","status":"publish","type":"page","link":"https:\/\/raiyanmerchant.com\/index.php\/ce-qui-me-differencie-des-autres-personnes-travaillant-dans-le-secteur-de-la-formation\/","title":{"rendered":"Ce qui me diff\u00e9rencie des autres personnes travaillant dans le secteur de la formation."},"content":{"rendered":"\n<p>Je suis diff\u00e9rent des autres acteurs du secteur de la formation car je suis pr\u00eat \u00e0 proposer des prix abordables. De vous aider \u00e0 trouver des \u00e9claireurs pour vous recruter \u00e0 l&#8217;universit\u00e9 et vous donner de bonnes chances d&#8217;\u00eatre rep\u00each\u00e9. Pour vous dire quelles chaussures porter, quels exercices faire et sur quel terrain jouer. Le tout avec un prix affordable.<\/p>\n","protected":false},"excerpt":{"rendered":"<p>Je suis diff\u00e9rent des autres acteurs du secteur de la formation car je suis pr\u00eat \u00e0 proposer des prix abordables. De vous aider \u00e0 trouver des \u00e9claireurs pour vous recruter \u00e0 l&#8217;universit\u00e9 et vous donner de bonnes chances d&#8217;\u00eatre rep\u00each\u00e9. Pour vous dire quelles chaussures porter, quels exercices faire et sur quel terrain jouer. Le&hellip; <a class=\"more-link\" href=\"https:\/\/raiyanmerchant.com\/index.php\/ce-qui-me-differencie-des-autres-personnes-travaillant-dans-le-secteur-de-la-formation\/\">Continue reading <span class=\"screen-reader-text\">Ce qui me diff\u00e9rencie des autres personnes travaillant dans le secteur de la formation.<\/span><\/a><\/p>\n","protected":false},"author":1,"featured_media":0,"parent":0,"menu_order":0,"comment_status":"closed","ping_status":"closed","template":"","meta":{"_monsterinsights_skip_tracking":false,"_monsterinsights_sitenote_active":false,"_monsterinsights_sitenote_note":"","_monsterinsights_sitenote_category":0,"footnotes":""},"aioseo_notices":[],"_links":{"self":[{"href":"https:\/\/raiyanmerchant.com\/index.php\/wp-json\/wp\/v2\/pages\/47"}],"collection":[{"href":"https:\/\/raiyanmerchant.com\/index.php\/wp-json\/wp\/v2\/pages"}],"about":[{"href":"https:\/\/raiyanmerchant.com\/index.php\/wp-json\/wp\/v2\/types\/page"}],"author":[{"embeddable":true,"href":"https:\/\/raiyanmerchant.com\/index.php\/wp-json\/wp\/v2\/users\/1"}],"replies":[{"embeddable":true,"href":"https:\/\/raiyanmerchant.com\/index.php\/wp-json\/wp\/v2\/comments?post=47"}],"version-history":[{"count":2,"href":"https:\/\/raiyanmerchant.com\/index.php\/wp-json\/wp\/v2\/pages\/47\/revisions"}],"predecessor-version":[{"id":51,"href":"https:\/\/raiyanmerchant.com\/index.php\/wp-json\/wp\/v2\/pages\/47\/revisions\/51"}],"wp:attachment":[{"href":"https:\/\/raiyanmerchant.com\/index.php\/wp-json\/wp\/v2\/media?parent=47"}],"curies":[{"name":"wp","href":"https:\/\/api.w.org\/{rel}","templated":true}]}}